{"id":4105,"date":"2023-08-07T06:57:24","date_gmt":"2023-08-07T06:57:24","guid":{"rendered":"https:\/\/tplabs.co\/surince\/?page_id=4105"},"modified":"2024-02-29T01:28:20","modified_gmt":"2024-02-28T22:28:20","slug":"sss","status":"publish","type":"page","link":"https:\/\/targetsigorta.com\/en\/sss\/","title":{"rendered":"Frequently Asked Questions"},"content":{"rendered":"\t\t<div data-elementor-type=\"wp-page\" data-elementor-id=\"4105\" class=\"elementor elementor-4105\">\n\t\t\t\t\t\t<section class=\"elementor-section elementor-top-section elementor-element elementor-element-539bcb6 elementor-section-boxed elementor-section-height-default elementor-section-height-default\" data-id=\"539bcb6\" data-element_type=\"section\">\n\t\t\t\t\t\t<div class=\"elementor-container elementor-column-gap-no\">\n\t\t\t\t\t<div class=\"elementor-column elementor-col-100 elementor-top-column elementor-element elementor-element-6e8226d\" data-id=\"6e8226d\" data-element_type=\"column\">\n\t\t\t<div class=\"elementor-widget-wrap elementor-element-populated\">\n\t\t\t\t\t\t<div class=\"elementor-element elementor-element-ebc5a31 elementor-widget elementor-widget-spacer\" data-id=\"ebc5a31\" data-element_type=\"widget\" data-widget_type=\"spacer.default\">\n\t\t\t\t<div class=\"elementor-widget-container\">\n\t\t\t<style>\/*! elementor - v3.19.0 - 07-02-2024 *\/\n.elementor-column .elementor-spacer-inner{height:var(--spacer-size)}.e-con{--container-widget-width:100%}.e-con-inner>.elementor-widget-spacer,.e-con>.elementor-widget-spacer{width:var(--container-widget-width,var(--spacer-size));--align-self:var(--container-widget-align-self,initial);--flex-shrink:0}.e-con-inner>.elementor-widget-spacer>.elementor-widget-container,.e-con>.elementor-widget-spacer>.elementor-widget-container{height:100%;width:100%}.e-con-inner>.elementor-widget-spacer>.elementor-widget-container>.elementor-spacer,.e-con>.elementor-widget-spacer>.elementor-widget-container>.elementor-spacer{height:100%}.e-con-inner>.elementor-widget-spacer>.elementor-widget-container>.elementor-spacer>.elementor-spacer-inner,.e-con>.elementor-widget-spacer>.elementor-widget-container>.elementor-spacer>.elementor-spacer-inner{height:var(--container-widget-height,var(--spacer-size))}.e-con-inner>.elementor-widget-spacer.elementor-widget-empty,.e-con>.elementor-widget-spacer.elementor-widget-empty{position:relative;min-height:22px;min-width:22px}.e-con-inner>.elementor-widget-spacer.elementor-widget-empty .elementor-widget-empty-icon,.e-con>.elementor-widget-spacer.elementor-widget-empty .elementor-widget-empty-icon{position:absolute;top:0;bottom:0;left:0;right:0;margin:auto;padding:0;width:22px;height:22px}<\/style>\t\t<div class=\"elementor-spacer\">\n\t\t\t<div class=\"elementor-spacer-inner\"><\/div>\n\t\t<\/div>\n\t\t\t\t<\/div>\n\t\t\t\t<\/div>\n\t\t\t\t<div class=\"elementor-element elementor-element-7d34207 elementor-widget elementor-widget-image\" data-id=\"7d34207\" data-element_type=\"widget\" data-widget_type=\"image.default\">\n\t\t\t\t<div class=\"elementor-widget-container\">\n\t\t\t<style>\/*! elementor - v3.19.0 - 07-02-2024 *\/\n.elementor-widget-image{text-align:center}.elementor-widget-image a{display:inline-block}.elementor-widget-image a img[src$=\".svg\"]{width:48px}.elementor-widget-image img{vertical-align:middle;display:inline-block}<\/style>\t\t\t\t\t\t\t\t\t\t<img fetchpriority=\"high\" decoding=\"async\" width=\"512\" height=\"512\" src=\"https:\/\/targetsigorta.com\/wp-content\/uploads\/2024\/02\/cropped-ikon.png\" class=\"attachment-full size-full wp-image-4598\" alt=\"\" srcset=\"https:\/\/targetsigorta.com\/wp-content\/uploads\/2024\/02\/cropped-ikon.png 512w, https:\/\/targetsigorta.com\/wp-content\/uploads\/2024\/02\/cropped-ikon-300x300.png 300w, https:\/\/targetsigorta.com\/wp-content\/uploads\/2024\/02\/cropped-ikon-150x150.png 150w, https:\/\/targetsigorta.com\/wp-content\/uploads\/2024\/02\/cropped-ikon-70x70.png 70w, https:\/\/targetsigorta.com\/wp-content\/uploads\/2024\/02\/cropped-ikon-270x270.png 270w, https:\/\/targetsigorta.com\/wp-content\/uploads\/2024\/02\/cropped-ikon-192x192.png 192w, https:\/\/targetsigorta.com\/wp-content\/uploads\/2024\/02\/cropped-ikon-180x180.png 180w, https:\/\/targetsigorta.com\/wp-content\/uploads\/2024\/02\/cropped-ikon-32x32.png 32w\" sizes=\"(max-width: 512px) 100vw, 512px\" \/>\t\t\t\t\t\t\t\t\t\t\t\t\t<\/div>\n\t\t\t\t<\/div>\n\t\t\t\t<div class=\"elementor-element elementor-element-ce6fb3d align-center heading-default elementor-widget elementor-widget-mae-headings\" data-id=\"ce6fb3d\" data-element_type=\"widget\" data-widget_type=\"mae-headings.default\">\n\t\t\t\t<div class=\"elementor-widget-container\">\n\t\t\t\t\t<div class=\"master-heading sep-none\">\n\t\t\t\t\t\t\t        \t        \t<div class=\"pre-heading\"><span class=\"line\"><span class=\"inner\"><\/span><\/span>Sorular\u0131n\u0131z\u0131n Cevaplar\u0131<\/div>\n\t        \n\t        \n\t        \t        <h2 class=\"main-heading\">S\u0131k\u00e7a Sorulan Sorular<\/h2>\n\t        \n\t        \n\t        \t    <\/div>\n\t    \t\t<\/div>\n\t\t\t\t<\/div>\n\t\t\t\t<section class=\"elementor-section elementor-inner-section elementor-element elementor-element-1063a35 elementor-section-boxed elementor-section-height-default elementor-section-height-default\" data-id=\"1063a35\" data-element_type=\"section\">\n\t\t\t\t\t\t<div class=\"elementor-container elementor-column-gap-default\">\n\t\t\t\t\t<div class=\"elementor-column elementor-col-50 elementor-inner-column elementor-element elementor-element-be7e15b\" data-id=\"be7e15b\" data-element_type=\"column\">\n\t\t\t<div class=\"elementor-widget-wrap elementor-element-populated\">\n\t\t\t\t\t\t<div class=\"elementor-element elementor-element-13e771f accordion-style-1 arrow-right elementor-widget elementor-widget-mae-accordion\" data-id=\"13e771f\" data-element_type=\"widget\" data-widget_type=\"mae-accordion.default\">\n\t\t\t\t<div class=\"elementor-widget-container\">\n\t\t\t\n\t\t<div class=\"master-accordions\">\n\t\t\t\t\t\t\t\t\t\t\t<div class=\"item elementor-repeater-item-34ad749\">\n\t\t\t\t\t<div class=\"title\">\n\t\t\t\t\t\t<div class=\"arrow\"><\/div>\n\t\t\t\t\t\t<h3>Sigorta poli\u00e7esi neden \u00f6nemlidir?<\/h3>\n\t\t\t\t\t<\/div>\n\n\t\t\t\t\t<div class=\"content\">\n\t\t\t\t\t\t<p>\u00a0Sigorta poli\u00e7esi, beklenmedik olaylar, kazalar veya hasar durumlar\u0131nda mali koruma sa\u011flar. Bu, maddi kay\u0131plar\u0131n\u0131z\u0131 telafi eder, yasal sorumluluklar\u0131n\u0131z\u0131 kapsar ve finansal g\u00fcvenli\u011finizi art\u0131r\u0131r.<\/p>\t\t\t\t\t<\/div>\n\t\t\t\t<\/div>\n\t\t\t\t\t\t\t\t\t\t\t<div class=\"item elementor-repeater-item-fa0f854 active\">\n\t\t\t\t\t<div class=\"title\">\n\t\t\t\t\t\t<div class=\"arrow\"><\/div>\n\t\t\t\t\t\t<h3>Sigorta primi nedir ve nas\u0131l hesaplan\u0131r?<\/h3>\n\t\t\t\t\t<\/div>\n\n\t\t\t\t\t<div class=\"content\">\n\t\t\t\t\t\t<p>Sigorta primi, sigorta kapsam\u0131n\u0131z kar\u015f\u0131l\u0131\u011f\u0131nda \u00f6dedi\u011finiz miktard\u0131r. Primler genellikle risk de\u011ferlendirmesi, poli\u00e7e t\u00fcr\u00fc, kapsam limitleri ve se\u00e7ilen d\u00fc\u015f\u00fcr\u00fclebilir miktarlar gibi fakt\u00f6rlere g\u00f6re hesaplan\u0131r.<\/p>\t\t\t\t\t<\/div>\n\t\t\t\t<\/div>\n\t\t\t\t\t\t\t\t\t\t\t<div class=\"item elementor-repeater-item-dcc2f62\">\n\t\t\t\t\t<div class=\"title\">\n\t\t\t\t\t\t<div class=\"arrow\"><\/div>\n\t\t\t\t\t\t<h3>Poli\u00e7emdeki \"d\u00fc\u015f\u00fcr\u00fclebilir miktar\" nedir ve nas\u0131l i\u015fler?<\/h3>\n\t\t\t\t\t<\/div>\n\n\t\t\t\t\t<div class=\"content\">\n\t\t\t\t\t\t<p>D\u00fc\u015f\u00fcr\u00fclebilir miktar, bir sigorta talebi durumunda sigortal\u0131n\u0131n \u00f6demesi gereken para miktar\u0131d\u0131r. D\u00fc\u015f\u00fcr\u00fclebilir miktar ne kadar y\u00fcksekse, genellikle primler o kadar d\u00fc\u015f\u00fck olur.<\/p>\t\t\t\t\t<\/div>\n\t\t\t\t<\/div>\n\t\t\t\t\t\t\t\t\t\t\t<div class=\"item elementor-repeater-item-02ede7c\">\n\t\t\t\t\t<div class=\"title\">\n\t\t\t\t\t\t<div class=\"arrow\"><\/div>\n\t\t\t\t\t\t<h3>Sigorta poli\u00e7emi nas\u0131l iptal edebilirim?<\/h3>\n\t\t\t\t\t<\/div>\n\n\t\t\t\t\t<div class=\"content\">\n\t\t\t\t\t\t<p>Sigorta poli\u00e7enizi iptal etmek i\u00e7in, sigorta \u015firketinizle do\u011frudan ileti\u015fime ge\u00e7melisiniz. \u0130ptal prosed\u00fcrleri, sigorta \u015firketinden sigorta \u015firketine de\u011fi\u015fiklik g\u00f6sterebilir, bu y\u00fczden poli\u00e7enizde belirtilen \u015fartlara ve s\u00fcrelere dikkat edin.<\/p>\t\t\t\t\t<\/div>\n\t\t\t\t<\/div>\n\t\t\t\t    <\/div>\n\n\t    \t\t<\/div>\n\t\t\t\t<\/div>\n\t\t\t\t\t<\/div>\n\t\t<\/div>\n\t\t\t\t<div class=\"elementor-column elementor-col-50 elementor-inner-column elementor-element elementor-element-f910858\" data-id=\"f910858\" data-element_type=\"column\">\n\t\t\t<div class=\"elementor-widget-wrap elementor-element-populated\">\n\t\t\t\t\t\t<div class=\"elementor-element elementor-element-1fac052 accordion-style-1 arrow-right elementor-widget elementor-widget-mae-accordion\" data-id=\"1fac052\" data-element_type=\"widget\" data-widget_type=\"mae-accordion.default\">\n\t\t\t\t<div class=\"elementor-widget-container\">\n\t\t\t\n\t\t<div class=\"master-accordions\">\n\t\t\t\t\t\t\t\t\t\t\t<div class=\"item elementor-repeater-item-34ad749\">\n\t\t\t\t\t<div class=\"title\">\n\t\t\t\t\t\t<div class=\"arrow\"><\/div>\n\t\t\t\t\t\t<h3>Sigorta talebinde bulunmak i\u00e7in ne yapmal\u0131y\u0131m?<\/h3>\n\t\t\t\t\t<\/div>\n\n\t\t\t\t\t<div class=\"content\">\n\t\t\t\t\t\t<p>Sigorta talebinde bulunmak i\u00e7in, ilk olarak sigorta \u015firketinizi bilgilendirin ve gerekli belgeleri, foto\u011fraflar\u0131 ve di\u011fer kan\u0131tlar\u0131 toplay\u0131n. Sigorta \u015firketiniz, talep i\u015fleme s\u00fcrecinde size ad\u0131m ad\u0131m rehberlik edecektir.<\/p>\t\t\t\t\t<\/div>\n\t\t\t\t<\/div>\n\t\t\t\t\t\t\t\t\t\t\t<div class=\"item elementor-repeater-item-fa0f854 active\">\n\t\t\t\t\t<div class=\"title\">\n\t\t\t\t\t\t<div class=\"arrow\"><\/div>\n\t\t\t\t\t\t<h3>Sigorta kapsam\u0131m\u0131n yeterli oldu\u011funu nas\u0131l anlar\u0131m?<\/h3>\n\t\t\t\t\t<\/div>\n\n\t\t\t\t\t<div class=\"content\">\n\t\t\t\t\t\t<p>Sigorta kapsam\u0131n\u0131z\u0131n yeterli olup olmad\u0131\u011f\u0131n\u0131 de\u011ferlendirmek i\u00e7in, mevcut durumunuzu, varl\u0131klar\u0131n\u0131z\u0131 ve potansiyel riskleri g\u00f6z \u00f6n\u00fcnde bulundurun. D\u00fczenli olarak poli\u00e7enizi g\u00f6zden ge\u00e7irin ve de\u011fi\u015fen ihtiya\u00e7lar\u0131n\u0131za g\u00f6re ayarlamalar yap\u0131n.<\/p>\t\t\t\t\t<\/div>\n\t\t\t\t<\/div>\n\t\t\t\t\t\t\t\t\t\t\t<div class=\"item elementor-repeater-item-dcc2f62\">\n\t\t\t\t\t<div class=\"title\">\n\t\t\t\t\t\t<div class=\"arrow\"><\/div>\n\t\t\t\t\t\t<h3>Farkl\u0131 sigorta \u015firketleri aras\u0131nda nas\u0131l karar verebilirim?<\/h3>\n\t\t\t\t\t<\/div>\n\n\t\t\t\t\t<div class=\"content\">\n\t\t\t\t\t\t<p>Farkl\u0131 sigorta \u015firketleri aras\u0131nda karar verirken, primler, kapsam se\u00e7enekleri, m\u00fc\u015fteri hizmetleri ve \u015firketin mali sa\u011flaml\u0131\u011f\u0131 gibi fakt\u00f6rleri de\u011ferlendirin. De\u011ferlendirmeleri, m\u00fc\u015fteri yorumlar\u0131n\u0131 okuyun ve gerekti\u011finde teklif kar\u015f\u0131la\u015ft\u0131rmas\u0131 yap\u0131n.<\/p>\t\t\t\t\t<\/div>\n\t\t\t\t<\/div>\n\t\t\t\t\t\t\t\t\t\t\t<div class=\"item elementor-repeater-item-02ede7c\">\n\t\t\t\t\t<div class=\"title\">\n\t\t\t\t\t\t<div class=\"arrow\"><\/div>\n\t\t\t\t\t\t<h3>Bir sigorta poli\u00e7esi yenilendi\u011finde ne olur?<\/h3>\n\t\t\t\t\t<\/div>\n\n\t\t\t\t\t<div class=\"content\">\n\t\t\t\t\t\t<p>Bir sigorta poli\u00e7esi yenilendi\u011finde, genellikle bir y\u0131l daha koruma sa\u011flan\u0131r. Yenileme s\u0131ras\u0131nda, kapsam\u0131n\u0131z\u0131 g\u00f6zden ge\u00e7irme ve ihtiya\u00e7lar\u0131n\u0131za g\u00f6re ayarlamalar yapma f\u0131rsat\u0131n\u0131z olur. Primleriniz de\u011fi\u015febilir ve herhangi bir de\u011fi\u015fiklik veya g\u00fcncelleme i\u00e7in sigorta \u015firketiniz sizi bilgilendirecektir.<\/p>\t\t\t\t\t<\/div>\n\t\t\t\t<\/div>\n\t\t\t\t    <\/div>\n\n\t    \t\t<\/div>\n\t\t\t\t<\/div>\n\t\t\t\t\t<\/div>\n\t\t<\/div>\n\t\t\t\t\t<\/div>\n\t\t<\/section>\n\t\t\t\t<div class=\"elementor-element elementor-element-e283429 elementor-widget elementor-widget-spacer\" data-id=\"e283429\" data-element_type=\"widget\" data-widget_type=\"spacer.default\">\n\t\t\t\t<div class=\"elementor-widget-container\">\n\t\t\t\t\t<div class=\"elementor-spacer\">\n\t\t\t<div class=\"elementor-spacer-inner\"><\/div>\n\t\t<\/div>\n\t\t\t\t<\/div>\n\t\t\t\t<\/div>\n\t\t\t\t\t<\/div>\n\t\t<\/div>\n\t\t\t\t\t<\/div>\n\t\t<\/section>\n\t\t\t\t<section class=\"elementor-section elementor-top-section elementor-element elementor-element-29b0106 elementor-section-full_width elementor-section-height-default elementor-section-height-default\" data-id=\"29b0106\" data-element_type=\"section\" data-settings=\"{&quot;background_background&quot;:&quot;classic&quot;}\">\n\t\t\t\t\t\t\t<div class=\"elementor-background-overlay\"><\/div>\n\t\t\t\t\t\t\t<div class=\"elementor-container elementor-column-gap-no\">\n\t\t\t\t\t<div class=\"elementor-column elementor-col-100 elementor-top-column elementor-element elementor-element-2bf7a18\" data-id=\"2bf7a18\" data-element_type=\"column\">\n\t\t\t<div class=\"elementor-widget-wrap elementor-element-populated\">\n\t\t\t\t\t\t<div class=\"elementor-element elementor-element-9c666b3 image-width-auto elementor-widget elementor-widget-mae-gallery-stack\" data-id=\"9c666b3\" data-element_type=\"widget\" data-widget_type=\"mae-gallery-stack.default\">\n\t\t\t\t<div class=\"elementor-widget-container\">\n\t\t\t\t\t<div class=\"master-gallery-stack\">\n\t\t\t<div class=\"master-fancy-image elementor-repeater-item-92a578e \" data-top=\"0px\" data-calcHeight=\"no\">\n\t\t\t\t\t\t\t\t\t\t<div class=\"image-wrap\"><img decoding=\"async\" width=\"100\" height=\"70\" src=\"https:\/\/targetsigorta.com\/wp-content\/uploads\/2023\/07\/waves-top.svg\" class=\"attachment-full size-full\" alt=\"\" \/><\/div>\n\t\t\t\t\t\t\t\t\t<\/div><div class=\"master-fancy-image elementor-repeater-item-de9f304 fix-bottom\" data-top=\"0px\" data-calcHeight=\"no\">\n\t\t\t\t\t\t\t\t\t\t<div class=\"image-wrap\"><\/div>\n\t\t\t\t\t\t\t\t\t<\/div><div class=\"master-shape elementor-repeater-item-7a0b70b custom-grad\" data-calcHeight=\"no\"><\/div>\t\t<\/div>\n\t    \t\t<\/div>\n\t\t\t\t<\/div>\n\t\t\t\t<div class=\"elementor-element elementor-element-d29fa2c elementor-widget elementor-widget-spacer\" data-id=\"d29fa2c\" data-element_type=\"widget\" data-widget_type=\"spacer.default\">\n\t\t\t\t<div class=\"elementor-widget-container\">\n\t\t\t\t\t<div class=\"elementor-spacer\">\n\t\t\t<div class=\"elementor-spacer-inner\"><\/div>\n\t\t<\/div>\n\t\t\t\t<\/div>\n\t\t\t\t<\/div>\n\t\t\t\t<div class=\"elementor-element elementor-element-cb8e5d0 elementor-widget elementor-widget-image\" data-id=\"cb8e5d0\" data-element_type=\"widget\" data-widget_type=\"image.default\">\n\t\t\t\t<div class=\"elementor-widget-container\">\n\t\t\t\t\t\t\t\t\t\t\t\t\t<img fetchpriority=\"high\" decoding=\"async\" width=\"512\" height=\"512\" src=\"https:\/\/targetsigorta.com\/wp-content\/uploads\/2024\/02\/cropped-ikon.png\" class=\"attachment-full size-full wp-image-4598\" alt=\"\" srcset=\"https:\/\/targetsigorta.com\/wp-content\/uploads\/2024\/02\/cropped-ikon.png 512w, https:\/\/targetsigorta.com\/wp-content\/uploads\/2024\/02\/cropped-ikon-300x300.png 300w, https:\/\/targetsigorta.com\/wp-content\/uploads\/2024\/02\/cropped-ikon-150x150.png 150w, https:\/\/targetsigorta.com\/wp-content\/uploads\/2024\/02\/cropped-ikon-70x70.png 70w, https:\/\/targetsigorta.com\/wp-content\/uploads\/2024\/02\/cropped-ikon-270x270.png 270w, https:\/\/targetsigorta.com\/wp-content\/uploads\/2024\/02\/cropped-ikon-192x192.png 192w, https:\/\/targetsigorta.com\/wp-content\/uploads\/2024\/02\/cropped-ikon-180x180.png 180w, https:\/\/targetsigorta.com\/wp-content\/uploads\/2024\/02\/cropped-ikon-32x32.png 32w\" sizes=\"(max-width: 512px) 100vw, 512px\" \/>\t\t\t\t\t\t\t\t\t\t\t\t\t<\/div>\n\t\t\t\t<\/div>\n\t\t\t\t<div class=\"elementor-element elementor-element-3a1da64 align-center heading-default elementor-widget elementor-widget-mae-headings\" data-id=\"3a1da64\" data-element_type=\"widget\" data-widget_type=\"mae-headings.default\">\n\t\t\t\t<div class=\"elementor-widget-container\">\n\t\t\t\t\t<div class=\"master-heading sep-none\">\n\t\t\t\t\t\t\t        \t        \t<div class=\"pre-heading\"><span class=\"line\"><span class=\"inner\"><\/span><\/span>Bize Ula\u015f\u0131n<\/div>\n\t        \n\t        \n\t        \t        <h2 class=\"main-heading\">\u0130leti\u015fim Formu<\/h2>\n\t        \n\t        \n\t        \t    <\/div>\n\t    \t\t<\/div>\n\t\t\t\t<\/div>\n\t\t\t\t<div class=\"elementor-element elementor-element-a3f6c6a elementor-widget__width-inherit elementor-widget elementor-widget-wpforms\" data-id=\"a3f6c6a\" data-element_type=\"widget\" data-widget_type=\"wpforms.default\">\n\t\t\t\t<div class=\"elementor-widget-container\">\n\t\t\t<style id=\"wpforms-css-vars-root\">\n\t\t\t\t:root {\n\t\t\t\t\t--wpforms-field-border-radius: 3px;\n--wpforms-field-background-color: #ffffff;\n--wpforms-field-border-color: rgba( 0, 0, 0, 0.25 );\n--wpforms-field-text-color: rgba( 0, 0, 0, 0.7 );\n--wpforms-label-color: rgba( 0, 0, 0, 0.85 );\n--wpforms-label-sublabel-color: rgba( 0, 0, 0, 0.55 );\n--wpforms-label-error-color: #d63637;\n--wpforms-button-border-radius: 3px;\n--wpforms-button-background-color: #066aab;\n--wpforms-button-text-color: #ffffff;\n--wpforms-field-size-input-height: 43px;\n--wpforms-field-size-input-spacing: 15px;\n--wpforms-field-size-font-size: 16px;\n--wpforms-field-size-line-height: 19px;\n--wpforms-field-size-padding-h: 14px;\n--wpforms-field-size-checkbox-size: 16px;\n--wpforms-field-size-sublabel-spacing: 5px;\n--wpforms-field-size-icon-size: 1;\n--wpforms-label-size-font-size: 16px;\n--wpforms-label-size-line-height: 19px;\n--wpforms-label-size-sublabel-font-size: 14px;\n--wpforms-label-size-sublabel-line-height: 17px;\n--wpforms-button-size-font-size: 17px;\n--wpforms-button-size-height: 41px;\n--wpforms-button-size-padding-h: 15px;\n--wpforms-button-size-margin-top: 10px;\n\n\t\t\t\t}\n\t\t\t<\/style><style id=\"wpforms-css-vars-elementor-widget-a3f6c6a\">\n\t\t\t\t.elementor-widget-wpforms.elementor-element-a3f6c6a {\n\t\t\t\t\t--wpforms-field-size-input-height: 43px;\n--wpforms-field-size-input-spacing: 15px;\n--wpforms-field-size-font-size: 16px;\n--wpforms-field-size-line-height: 19px;\n--wpforms-field-size-padding-h: 14px;\n--wpforms-field-size-checkbox-size: 16px;\n--wpforms-field-size-sublabel-spacing: 5px;\n--wpforms-field-size-icon-size: 1;\n--wpforms-label-size-font-size: 16px;\n--wpforms-label-size-line-height: 19px;\n--wpforms-label-size-sublabel-font-size: 14px;\n--wpforms-label-size-sublabel-line-height: 17px;\n--wpforms-button-size-font-size: 17px;\n--wpforms-button-size-height: 41px;\n--wpforms-button-size-padding-h: 15px;\n--wpforms-button-size-margin-top: 10px;\n\n\t\t\t\t}\n\t\t\t<\/style><div class=\"wpforms-container wpforms-container-full wpforms-render-modern\" id=\"wpforms-4552\"><form id=\"wpforms-form-4552\" class=\"wpforms-validate wpforms-form wpforms-ajax-form\" data-formid=\"4552\" method=\"post\" enctype=\"multipart\/form-data\" action=\"\/en\/wp-json\/wp\/v2\/pages\/4105\" data-token=\"839d0cdb98bd3439b5469882622eff24\"><noscript class=\"wpforms-error-noscript\">Please enable JavaScript in your browser to complete this form.<\/noscript><div class=\"wpforms-hidden\" id=\"wpforms-error-noscript\">Please enable JavaScript in your browser to complete this form.<\/div><div class=\"wpforms-field-container\"><div id=\"wpforms-4552-field_0-container\" class=\"wpforms-field wpforms-field-name\" data-field-id=\"0\"><fieldset><legend class=\"wpforms-field-label\">Ad\u0131 Soyad\u0131 <span class=\"wpforms-required-label\" aria-hidden=\"true\">*<\/span><\/legend><div class=\"wpforms-field-row wpforms-field-medium\"><div class=\"wpforms-field-row-block wpforms-first wpforms-one-half\"><input type=\"text\" id=\"wpforms-4552-field_0\" class=\"wpforms-field-name-first wpforms-field-required\" name=\"wpforms[fields][0][first]\" aria-errormessage=\"wpforms-4552-field_0-error\" required><label for=\"wpforms-4552-field_0\" class=\"wpforms-field-sublabel after \">First<\/label><\/div><div class=\"wpforms-field-row-block wpforms-one-half\"><input type=\"text\" id=\"wpforms-4552-field_0-last\" class=\"wpforms-field-name-last wpforms-field-required\" name=\"wpforms[fields][0][last]\" aria-errormessage=\"wpforms-4552-field_0-last-error\" required><label for=\"wpforms-4552-field_0-last\" class=\"wpforms-field-sublabel after \">Last<\/label><\/div><\/div><\/fieldset><\/div><div id=\"wpforms-4552-field_3-container\" class=\"wpforms-field wpforms-field-number\" data-field-id=\"3\"><label class=\"wpforms-field-label\" for=\"wpforms-4552-field_3\">Telefon Numaran\u0131z <span class=\"wpforms-required-label\" aria-hidden=\"true\">*<\/span><\/label><input type=\"number\" pattern=\"\\d*\" id=\"wpforms-4552-field_3\" class=\"wpforms-field-medium wpforms-field-required\" name=\"wpforms[fields][3]\" aria-errormessage=\"wpforms-4552-field_3-error\" required><\/div><div id=\"wpforms-4552-field_1-container\" class=\"wpforms-field wpforms-field-email\" data-field-id=\"1\"><label class=\"wpforms-field-label\" for=\"wpforms-4552-field_1\">E-posta <span class=\"wpforms-required-label\" aria-hidden=\"true\">*<\/span><\/label><input type=\"email\" id=\"wpforms-4552-field_1\" class=\"wpforms-field-medium wpforms-field-required\" name=\"wpforms[fields][1]\" spellcheck=\"false\" aria-errormessage=\"wpforms-4552-field_1-error\" required><\/div><div id=\"wpforms-4552-field_2-container\" class=\"wpforms-field wpforms-field-textarea\" data-field-id=\"2\"><label class=\"wpforms-field-label\" for=\"wpforms-4552-field_2\">Yorum veya Mesaj<\/label><textarea id=\"wpforms-4552-field_2\" class=\"wpforms-field-medium\" name=\"wpforms[fields][2]\" aria-errormessage=\"wpforms-4552-field_2-error\" ><\/textarea><\/div><\/div><!-- .wpforms-field-container --><div class=\"wpforms-submit-container\" ><input type=\"hidden\" name=\"wpforms[id]\" value=\"4552\"><input type=\"hidden\" name=\"wpforms[author]\" value=\"1\"><button type=\"submit\" name=\"wpforms[submit]\" id=\"wpforms-submit-4552\" class=\"wpforms-submit\" data-alt-text=\"G\u00f6nderiliyor...\" data-submit-text=\"G\u00f6nder\" aria-live=\"assertive\" value=\"wpforms-submit\">G\u00f6nder<\/button><img decoding=\"async\" src=\"https:\/\/targetsigorta.com\/wp-content\/plugins\/wpforms-lite\/assets\/images\/submit-spin.svg\" class=\"wpforms-submit-spinner\" style=\"display: none;\" width=\"26\" height=\"26\" alt=\"Loading\"><\/div><\/form><\/div>  <!-- .wpforms-container -->\t\t<\/div>\n\t\t\t\t<\/div>\n\t\t\t\t\t<\/div>\n\t\t<\/div>\n\t\t\t\t\t<\/div>\n\t\t<\/section>\n\t\t\t\t<\/div>\n\t\t\n    <div class=\"xs_social_share_widget xs_share_url after_content \t\tmain_content  wslu-style-1 wslu-share-box-shaped wslu-fill-colored wslu-none wslu-share-horizontal wslu-theme-font-no wslu-main_content\">\n\n\t\t\n        <ul>\n\t\t\t        <\/ul>\n    <\/div> \n","protected":false},"excerpt":{"rendered":"<p>Sorular\u0131n\u0131z\u0131n Cevaplar\u0131 S\u0131k\u00e7a Sorulan Sorular Sigorta poli\u00e7esi neden \u00f6nemlidir? \u00a0Sigorta poli\u00e7esi, beklenmedik olaylar, kazalar veya hasar durumlar\u0131nda mali koruma sa\u011flar. Bu, maddi kay\u0131plar\u0131n\u0131z\u0131 telafi eder, yasal sorumluluklar\u0131n\u0131z\u0131 kapsar ve finansal g\u00fcvenli\u011finizi art\u0131r\u0131r. Sigorta primi nedir ve nas\u0131l hesaplan\u0131r? Sigorta primi, sigorta kapsam\u0131n\u0131z kar\u015f\u0131l\u0131\u011f\u0131nda \u00f6dedi\u011finiz miktard\u0131r. Primler genellikle risk de\u011ferlendirmesi, poli\u00e7e<\/p>","protected":false},"author":1,"featured_media":0,"parent":0,"menu_order":0,"comment_status":"closed","ping_status":"closed","template":"","meta":{"inline_featured_image":false,"_monsterinsights_skip_tracking":false,"_monsterinsights_sitenote_active":false,"_monsterinsights_sitenote_note":"","_monsterinsights_sitenote_category":0,"footnotes":"","_joinchat":[]},"aioseo_notices":[],"_links":{"self":[{"href":"https:\/\/targetsigorta.com\/en\/wp-json\/wp\/v2\/pages\/4105"}],"collection":[{"href":"https:\/\/targetsigorta.com\/en\/wp-json\/wp\/v2\/pages"}],"about":[{"href":"https:\/\/targetsigorta.com\/en\/wp-json\/wp\/v2\/types\/page"}],"author":[{"embeddable":true,"href":"https:\/\/targetsigorta.com\/en\/wp-json\/wp\/v2\/users\/1"}],"replies":[{"embeddable":true,"href":"https:\/\/targetsigorta.com\/en\/wp-json\/wp\/v2\/comments?post=4105"}],"version-history":[{"count":14,"href":"https:\/\/targetsigorta.com\/en\/wp-json\/wp\/v2\/pages\/4105\/revisions"}],"predecessor-version":[{"id":4822,"href":"https:\/\/targetsigorta.com\/en\/wp-json\/wp\/v2\/pages\/4105\/revisions\/4822"}],"wp:attachment":[{"href":"https:\/\/targetsigorta.com\/en\/wp-json\/wp\/v2\/media?parent=4105"}],"curies":[{"name":"wp","href":"https:\/\/api.w.org\/{rel}","templated":true}]}}