{"id":3794,"date":"2023-07-31T14:38:03","date_gmt":"2023-07-31T14:38:03","guid":{"rendered":"https:\/\/tplabs.co\/surince\/?page_id=3794"},"modified":"2024-02-28T23:11:29","modified_gmt":"2024-02-28T20:11:29","slug":"hizmetlerimiz","status":"publish","type":"page","link":"https:\/\/targetsigorta.com\/en\/hizmetlerimiz\/","title":{"rendered":"Our Services"},"content":{"rendered":"<div data-elementor-type=\"wp-page\" data-elementor-id=\"3794\" class=\"elementor elementor-3794\">\n\t\t\t\t\t\t<section class=\"elementor-section elementor-top-section elementor-element elementor-element-f4249a6 elementor-section-boxed elementor-section-height-default elementor-section-height-default\" data-id=\"f4249a6\" data-element_type=\"section\">\n\t\t\t\t\t\t<div class=\"elementor-container elementor-column-gap-no\">\n\t\t\t\t\t<div class=\"elementor-column elementor-col-100 elementor-top-column elementor-element elementor-element-cc0a094\" data-id=\"cc0a094\" data-element_type=\"column\">\n\t\t\t<div class=\"elementor-widget-wrap elementor-element-populated\">\n\t\t\t\t\t\t<div class=\"elementor-element elementor-element-67dde32 elementor-widget elementor-widget-spacer\" data-id=\"67dde32\" data-element_type=\"widget\" data-widget_type=\"spacer.default\">\n\t\t\t\t<div class=\"elementor-widget-container\">\n\t\t\t<style>\/*! elementor - v3.19.0 - 07-02-2024 *\/\n.elementor-column .elementor-spacer-inner{height:var(--spacer-size)}.e-con{--container-widget-width:100%}.e-con-inner>.elementor-widget-spacer,.e-con>.elementor-widget-spacer{width:var(--container-widget-width,var(--spacer-size));--align-self:var(--container-widget-align-self,initial);--flex-shrink:0}.e-con-inner>.elementor-widget-spacer>.elementor-widget-container,.e-con>.elementor-widget-spacer>.elementor-widget-container{height:100%;width:100%}.e-con-inner>.elementor-widget-spacer>.elementor-widget-container>.elementor-spacer,.e-con>.elementor-widget-spacer>.elementor-widget-container>.elementor-spacer{height:100%}.e-con-inner>.elementor-widget-spacer>.elementor-widget-container>.elementor-spacer>.elementor-spacer-inner,.e-con>.elementor-widget-spacer>.elementor-widget-container>.elementor-spacer>.elementor-spacer-inner{height:var(--container-widget-height,var(--spacer-size))}.e-con-inner>.elementor-widget-spacer.elementor-widget-empty,.e-con>.elementor-widget-spacer.elementor-widget-empty{position:relative;min-height:22px;min-width:22px}.e-con-inner>.elementor-widget-spacer.elementor-widget-empty .elementor-widget-empty-icon,.e-con>.elementor-widget-spacer.elementor-widget-empty .elementor-widget-empty-icon{position:absolute;top:0;bottom:0;left:0;right:0;margin:auto;padding:0;width:22px;height:22px}<\/style>\t\t<div class=\"elementor-spacer\">\n\t\t\t<div class=\"elementor-spacer-inner\"><\/div>\n\t\t<\/div>\n\t\t\t\t<\/div>\n\t\t\t\t<\/div>\n\t\t\t\t<section class=\"elementor-section elementor-inner-section elementor-element elementor-element-819136f elementor-section-boxed elementor-section-height-default elementor-section-height-default\" data-id=\"819136f\" data-element_type=\"section\">\n\t\t\t\t\t\t<div class=\"elementor-container elementor-column-gap-default\">\n\t\t\t\t\t<div class=\"elementor-column elementor-col-33 elementor-inner-column elementor-element elementor-element-4d8e001 elementor-hidden-tablet elementor-hidden-mobile\" data-id=\"4d8e001\" data-element_type=\"column\">\n\t\t\t<div class=\"elementor-widget-wrap elementor-element-populated\">\n\t\t\t\t\t\t<div class=\"elementor-element elementor-element-2c6d19c image-box-style-3 icon-has-bg elementor-widget elementor-widget-mae-image-box\" data-id=\"2c6d19c\" data-element_type=\"widget\" data-widget_type=\"mae-image-box.default\">\n\t\t\t\t<div class=\"elementor-widget-container\">\n\t\t\t                <div class=\"master-image-box\">\n                            <div class=\"thumb\"><div class=\"inner\"><img fetchpriority=\"high\" decoding=\"async\" width=\"370\" height=\"247\" src=\"https:\/\/targetsigorta.com\/wp-content\/uploads\/2023\/07\/house-insurance.webp\" class=\"attachment-full size-full\" alt=\"\" srcset=\"https:\/\/targetsigorta.com\/wp-content\/uploads\/2023\/07\/house-insurance.webp 370w, https:\/\/targetsigorta.com\/wp-content\/uploads\/2023\/07\/house-insurance-300x200.webp 300w\" sizes=\"(max-width: 370px) 100vw, 370px\" \/><\/div><\/div>\n                <div class=\"content-wrap\">\n                    <div class=\"icon-wrap\"><div class=\"master-icon\"><svg xmlns=\"http:\/\/www.w3.org\/2000\/svg\" data-name=\"Layer 1\" viewbox=\"0 0 64 64\" width=\"512\" height=\"512\"><path d=\"M63.28,24.46,53,15.9V9a2,2,0,0,0-4,0v3.56L35.84,1.6a6,6,0,0,0-7.68,0L.72,24.46a2,2,0,0,0,2.56,3.08L30.72,4.67a2,2,0,0,1,2.56,0L56,23.6V58a2,2,0,0,1-2,2H44V38a6,6,0,0,0-6-6H26a6,6,0,0,0-6,6V60H10a2,2,0,0,1-2-2V34a2,2,0,0,0-4,0V58a6,6,0,0,0,6,6H54a6,6,0,0,0,6-6V26.94l.72.6A2,2,0,0,0,62,28a2,2,0,0,0,1.28-3.54ZM24,60V38a2,2,0,0,1,2-2H38a2,2,0,0,1,2,2V60Z\"><\/path><circle cx=\"30\" cy=\"48\" r=\"2\"><\/circle><\/svg><\/div><\/div><h2 class=\"headline-2\"><a href=\"#\">Property Insurance<\/a><\/h2><div class=\"desc\"><p>Target Insurance&#039;s home insurance protects your home and valuables against unexpected events such as fire, theft and natural disasters, giving you peace of mind and financial security.<\/p><\/div>            <div class=\"url-wrap\">\n                <a class=\"master-link  icon-right\" href=\"#\">\n                                        <span>Detail<\/span>\n                    <span class=\"icon ci ci-right-arrow2\"><\/span>                <\/a>\n            <\/div>\n\n                            <\/div>\n                    <\/div>\n        \t\t<\/div>\n\t\t\t\t<\/div>\n\t\t\t\t\t<\/div>\n\t\t<\/div>\n\t\t\t\t<div class=\"elementor-column elementor-col-33 elementor-inner-column elementor-element elementor-element-7a7c456\" data-id=\"7a7c456\" data-element_type=\"column\">\n\t\t\t<div class=\"elementor-widget-wrap elementor-element-populated\">\n\t\t\t\t\t\t<div class=\"elementor-element elementor-element-b828c60 image-box-style-3 icon-has-bg elementor-widget elementor-widget-mae-image-box\" data-id=\"b828c60\" data-element_type=\"widget\" data-widget_type=\"mae-image-box.default\">\n\t\t\t\t<div class=\"elementor-widget-container\">\n\t\t\t                <div class=\"master-image-box\">\n                            <div class=\"thumb\"><div class=\"inner\"><img decoding=\"async\" width=\"373\" height=\"250\" src=\"https:\/\/targetsigorta.com\/wp-content\/uploads\/2023\/07\/business-nsurance.jpg\" class=\"attachment-full size-full\" alt=\"\" srcset=\"https:\/\/targetsigorta.com\/wp-content\/uploads\/2023\/07\/business-nsurance.jpg 373w, https:\/\/targetsigorta.com\/wp-content\/uploads\/2023\/07\/business-nsurance-300x201.jpg 300w\" sizes=\"(max-width: 373px) 100vw, 373px\" \/><\/div><\/div>\n                <div class=\"content-wrap\">\n                    <div class=\"icon-wrap\"><div class=\"master-icon\"><svg xmlns=\"http:\/\/www.w3.org\/2000\/svg\" xml:space=\"preserve\" width=\"682.66669\" height=\"682.66669\" viewbox=\"0 0 682.66669 682.66669\">  <defs class=\"defs256\">    <clippath class=\"clipPath266\">      <path d=\"M 0,512 H 512 V 0 H 0 Z\" class=\"path264\"><\/path>    <\/clippath>  <\/defs>  <g class=\"g258\" transform=\"matrix(1.3333333,0,0,-1.3333333,0,682.66667)\">    <g class=\"g260\">      <g class=\"g262\" clip-path=\"url(#clipPath266)\">        <g class=\"g268\" transform=\"translate(497,376.5)\">          <path d=\"m 0,0 h -482 v -272.5 c 0,-32.516 26.359,-58.875 58.875,-58.875 h 364.25 c 32.516,0 58.875,26.359 58.875,58.875 z\" style=\"fill:none;stroke:currentColor;stroke-width:30;stroke-linecap:round;stroke-linejoin:round;stroke-miterlimit:10;stroke-dasharray:none;stroke-opacity:1\" class=\"path270\"><\/path>        <\/g>        <g class=\"g272\" transform=\"translate(346.375,376.5)\">          <path d=\"m 0,0 h -180.75 v 44.808 c 0,25.166 20.401,45.567 45.567,45.567 h 89.616 C -20.401,90.375 0,69.974 0,44.808 Z\" style=\"fill:none;stroke:currentColor;stroke-width:30;stroke-linecap:round;stroke-linejoin:round;stroke-miterlimit:10;stroke-dasharray:none;stroke-opacity:1\" class=\"path274\"><\/path>        <\/g>        <g class=\"g276\" transform=\"translate(15,376.5)\">          <path d=\"M 0,0 C 0,-87.23 82.38,-160.02 191.97,-177.01\" style=\"fill:none;stroke:currentColor;stroke-width:30;stroke-linecap:round;stroke-linejoin:round;stroke-miterlimit:10;stroke-dasharray:none;stroke-opacity:1\" class=\"path278\"><\/path>        <\/g>        <g class=\"g280\" transform=\"translate(305.03,199.49)\">          <path d=\"M 0,0 C 109.59,16.99 191.97,89.78 191.97,177.01\" style=\"fill:none;stroke:currentColor;stroke-width:30;stroke-linecap:round;stroke-linejoin:round;stroke-miterlimit:10;stroke-dasharray:none;stroke-opacity:1\" class=\"path282\"><\/path>        <\/g>        <g class=\"g284\" transform=\"translate(305.03,244.78)\">          <path d=\"m 0,0 v -49.03 c 0,-27.08 -21.95,-49.03 -49.03,-49.03 -27.08,0 -49.03,21.95 -49.03,49.03 V 0 Z\" style=\"fill:none;stroke:currentColor;stroke-width:30;stroke-linecap:round;stroke-linejoin:round;stroke-miterlimit:10;stroke-dasharray:none;stroke-opacity:1\" class=\"path286\"><\/path>        <\/g>      <\/g>    <\/g>  <\/g><\/svg><\/div><\/div><h2 class=\"headline-2\"><a href=\"#\">Workplace Insurance<\/a><\/h2><div class=\"desc\"><p>Target Insurance&#039;s business insurance covers your business&#039;s property and equipment, providing complete protection and financial security against the unexpected.<\/p><\/div>            <div class=\"url-wrap\">\n                <a class=\"master-link  icon-right\" href=\"#\">\n                                        <span>Detail<\/span>\n                    <span class=\"icon ci ci-right-arrow2\"><\/span>                <\/a>\n            <\/div>\n\n                            <\/div>\n                    <\/div>\n        \t\t<\/div>\n\t\t\t\t<\/div>\n\t\t\t\t\t<\/div>\n\t\t<\/div>\n\t\t\t\t<div class=\"elementor-column elementor-col-33 elementor-inner-column elementor-element elementor-element-20e283a\" data-id=\"20e283a\" data-element_type=\"column\">\n\t\t\t<div class=\"elementor-widget-wrap elementor-element-populated\">\n\t\t\t\t\t\t<div class=\"elementor-element elementor-element-1121096 image-box-style-3 icon-has-bg elementor-widget elementor-widget-mae-image-box\" data-id=\"1121096\" data-element_type=\"widget\" data-widget_type=\"mae-image-box.default\">\n\t\t\t\t<div class=\"elementor-widget-container\">\n\t\t\t                <div class=\"master-image-box\">\n                            <div class=\"thumb\"><div class=\"inner\"><img decoding=\"async\" width=\"373\" height=\"250\" src=\"https:\/\/targetsigorta.com\/wp-content\/uploads\/2023\/07\/travel-nsurance.jpg\" class=\"attachment-full size-full\" alt=\"\" srcset=\"https:\/\/targetsigorta.com\/wp-content\/uploads\/2023\/07\/travel-nsurance.jpg 373w, https:\/\/targetsigorta.com\/wp-content\/uploads\/2023\/07\/travel-nsurance-300x201.jpg 300w\" sizes=\"(max-width: 373px) 100vw, 373px\" \/><\/div><\/div>\n                <div class=\"content-wrap\">\n                    <div class=\"icon-wrap\"><div class=\"master-icon\"><svg xmlns=\"http:\/\/www.w3.org\/2000\/svg\" xml:space=\"preserve\" width=\"682.66669\" height=\"682.66669\" viewbox=\"0 0 682.66669 682.66669\">  <defs class=\"defs3133\">    <clippath class=\"clipPath3143\">      <path d=\"M 0,512 H 512 V 0 H 0 Z\" class=\"path3141\"><\/path>    <\/clippath>  <\/defs>  <g class=\"g3135\" transform=\"matrix(1.3333333,0,0,-1.3333333,0,682.66667)\">    <g class=\"g3137\">      <g class=\"g3139\" clip-path=\"url(#clipPath3143)\">        <g class=\"g3145\" transform=\"translate(338.1599,404.48)\">          <path d=\"m 0,0 -81.05,-81.04 -188.9,98.56 45.97,45.97 z\" style=\"fill:none;stroke:currentColor;stroke-width:30;stroke-linecap:butt;stroke-linejoin:round;stroke-miterlimit:10;stroke-dasharray:none;stroke-opacity:1\" class=\"path3147\"><\/path>        <\/g>        <g class=\"g3149\" transform=\"translate(467.97,114.1799)\">          <path d=\"m 0,0 -45.97,-45.97 -98.56,188.9 81.04,81.05 z\" style=\"fill:none;stroke:currentColor;stroke-width:30;stroke-linecap:butt;stroke-linejoin:round;stroke-miterlimit:10;stroke-dasharray:none;stroke-opacity:1\" class=\"path3151\"><\/path>        <\/g>        <g class=\"g3153\" transform=\"translate(497,471.71)\">          <path d=\"m 0,0 c 0,-1.14 -0.07,-2.29 -0.23,-3.45 -3.81,-28.34 -16.83,-54.64 -37.05,-74.86 l -55.24,-55.24 -81.04,-81.05 -92.3,-92.3 30.55,-110.36 -39.45,-39.45 -73.68,133.56 -133.56,73.68 39.45,39.45 110.36,-30.55 92.3,92.3 81.05,81.04 55.24,55.24 c 10.11,10.11 21.74,18.42 34.38,24.68 12.65,6.26 26.31,10.46 40.48,12.37 C -13.32,27.13 0,15.04 0,0 Z\" style=\"fill:none;stroke:currentColor;stroke-width:30;stroke-linecap:butt;stroke-linejoin:round;stroke-miterlimit:10;stroke-dasharray:none;stroke-opacity:1\" class=\"path3155\"><\/path>        <\/g>      <\/g>    <\/g>  <\/g><\/svg><\/div><\/div><h2 class=\"headline-2\"><a href=\"#\">Travel Insurance<\/a><\/h2><div class=\"desc\"><p>Travel insurance provides comprehensive protection against risks such as medical emergencies, trip cancellations and baggage loss during your domestic and international travels.<\/p><\/div>            <div class=\"url-wrap\">\n                <a class=\"master-link  icon-right\" href=\"#\">\n                                        <span>Detail<\/span>\n                    <span class=\"icon ci ci-right-arrow2\"><\/span>                <\/a>\n            <\/div>\n\n                            <\/div>\n                    <\/div>\n        \t\t<\/div>\n\t\t\t\t<\/div>\n\t\t\t\t\t<\/div>\n\t\t<\/div>\n\t\t\t\t\t<\/div>\n\t\t<\/section>\n\t\t\t\t<div class=\"elementor-element elementor-element-7a5ea87 elementor-widget elementor-widget-spacer\" data-id=\"7a5ea87\" data-element_type=\"widget\" data-widget_type=\"spacer.default\">\n\t\t\t\t<div class=\"elementor-widget-container\">\n\t\t\t\t\t<div class=\"elementor-spacer\">\n\t\t\t<div class=\"elementor-spacer-inner\"><\/div>\n\t\t<\/div>\n\t\t\t\t<\/div>\n\t\t\t\t<\/div>\n\t\t\t\t<section class=\"elementor-section elementor-inner-section elementor-element elementor-element-7ae201c elementor-section-boxed elementor-section-height-default elementor-section-height-default\" data-id=\"7ae201c\" data-element_type=\"section\">\n\t\t\t\t\t\t<div class=\"elementor-container elementor-column-gap-default\">\n\t\t\t\t\t<div class=\"elementor-column elementor-col-33 elementor-inner-column elementor-element elementor-element-211d357\" data-id=\"211d357\" data-element_type=\"column\">\n\t\t\t<div class=\"elementor-widget-wrap elementor-element-populated\">\n\t\t\t\t\t\t<div class=\"elementor-element elementor-element-9f6276a image-box-style-3 icon-has-bg elementor-widget elementor-widget-mae-image-box\" data-id=\"9f6276a\" data-element_type=\"widget\" data-widget_type=\"mae-image-box.default\">\n\t\t\t\t<div class=\"elementor-widget-container\">\n\t\t\t                <div class=\"master-image-box\">\n                            <div class=\"thumb\"><div class=\"inner\"><img loading=\"lazy\" decoding=\"async\" width=\"370\" height=\"247\" src=\"https:\/\/targetsigorta.com\/wp-content\/uploads\/2023\/07\/car-insurance.webp\" class=\"attachment-full size-full\" alt=\"\" srcset=\"https:\/\/targetsigorta.com\/wp-content\/uploads\/2023\/07\/car-insurance.webp 370w, https:\/\/targetsigorta.com\/wp-content\/uploads\/2023\/07\/car-insurance-300x200.webp 300w\" sizes=\"(max-width: 370px) 100vw, 370px\" \/><\/div><\/div>\n                <div class=\"content-wrap\">\n                    <div class=\"icon-wrap\"><div class=\"master-icon\"><svg xmlns=\"http:\/\/www.w3.org\/2000\/svg\" height=\"512\" viewbox=\"0 0 512 512\" width=\"512\"><g><path d=\"m469.97 204.205 14.523-24.205h12.507c8.284 0 15-6.716 15-15s-6.716-15-15-15h-21c-5.269 0-10.151 2.765-12.862 7.283l-12.213 20.354-20.141-70.494c-7.931-27.757-33.632-47.143-62.499-47.143h-224.57c-28.867 0-54.568 19.386-62.499 47.144l-20.141 70.494-12.213-20.354c-2.711-4.519-7.593-7.284-12.862-7.284h-21c-8.284 0-15 6.716-15 15s6.716 15 15 15h12.507l14.523 24.205c-24.536 9.301-42.03 33.038-42.03 60.795v112c0 8.284 6.716 15 15 15h26v25c0 19.299 15.701 35 35 35h40c19.299 0 35-15.701 35-35v-25h210v25c0 19.299 15.701 35 35 35h40c19.299 0 35-15.701 35-35v-25h26c8.284 0 15-6.716 15-15v-112c0-27.757-17.494-51.494-42.03-60.795zm-359.908-88.82c4.27-14.946 18.109-25.385 33.653-25.385h224.57c15.544 0 29.383 10.439 33.653 25.385l24.176 84.615h-26.623c-6.968-34.192-37.272-60-73.491-60s-66.522 25.808-73.491 60h-166.623zm173.508 84.615c6.191-17.461 22.874-30 42.43-30s36.239 12.539 42.43 30zm-162.57 217c0 2.757-2.243 5-5 5h-40c-2.757 0-5-2.243-5-5v-25h50zm90-55v-42h90v42zm230 55c0 2.757-2.243 5-5 5h-40c-2.757 0-5-2.243-5-5v-25h50zm41-55h-151v-57c0-8.284-6.716-15-15-15h-120c-8.284 0-15 6.716-15 15v57h-151v-97c0-19.299 15.701-35 35-35h.937c.026 0 .051.002.077.002.025 0 .049-.002.074-.002h379.824c.025 0 .049.002.074.002.026 0 .051-.002.077-.002h.937c19.299 0 35 15.701 35 35z\"><\/path><path d=\"m406 251c-24.813 0-45 20.187-45 45s20.187 45 45 45 45-20.187 45-45-20.187-45-45-45zm0 60c-8.271 0-15-6.729-15-15s6.729-15 15-15 15 6.729 15 15-6.729 15-15 15z\"><\/path><path d=\"m106 251c-24.813 0-45 20.187-45 45s20.187 45 45 45 45-20.187 45-45-20.187-45-45-45zm0 60c-8.271 0-15-6.729-15-15s6.729-15 15-15 15 6.729 15 15-6.729 15-15 15z\"><\/path><\/g><\/svg><\/div><\/div><h2 class=\"headline-2\"><a href=\"#\">Vehicle Insurance<\/a><\/h2><div class=\"desc\"><p>Target Insurance offers affordable and customizable car insurance options that keep your vehicle safe from potential damage, theft, and accidents by providing comprehensive coverage.<\/p><\/div>            <div class=\"url-wrap\">\n                <a class=\"master-link  icon-right\" href=\"#\">\n                                        <span>Detail<\/span>\n                    <span class=\"icon ci ci-right-arrow2\"><\/span>                <\/a>\n            <\/div>\n\n                            <\/div>\n                    <\/div>\n        \t\t<\/div>\n\t\t\t\t<\/div>\n\t\t\t\t\t<\/div>\n\t\t<\/div>\n\t\t\t\t<div class=\"elementor-column elementor-col-33 elementor-inner-column elementor-element elementor-element-703a50d\" data-id=\"703a50d\" data-element_type=\"column\">\n\t\t\t<div class=\"elementor-widget-wrap\">\n\t\t\t\t\t\t\t<\/div>\n\t\t<\/div>\n\t\t\t\t<div class=\"elementor-column elementor-col-33 elementor-inner-column elementor-element elementor-element-3cb574a elementor-hidden-tablet elementor-hidden-mobile\" data-id=\"3cb574a\" data-element_type=\"column\">\n\t\t\t<div class=\"elementor-widget-wrap elementor-element-populated\">\n\t\t\t\t\t\t<div class=\"elementor-element elementor-element-7d71a01 image-box-style-3 icon-has-bg elementor-widget elementor-widget-mae-image-box\" data-id=\"7d71a01\" data-element_type=\"widget\" data-widget_type=\"mae-image-box.default\">\n\t\t\t\t<div class=\"elementor-widget-container\">\n\t\t\t                <div class=\"master-image-box\">\n                            <div class=\"thumb\"><div class=\"inner\"><img loading=\"lazy\" decoding=\"async\" width=\"370\" height=\"247\" src=\"https:\/\/targetsigorta.com\/wp-content\/uploads\/2023\/07\/health-insurance.webp\" class=\"attachment-full size-full\" alt=\"\" srcset=\"https:\/\/targetsigorta.com\/wp-content\/uploads\/2023\/07\/health-insurance.webp 370w, https:\/\/targetsigorta.com\/wp-content\/uploads\/2023\/07\/health-insurance-300x200.webp 300w\" sizes=\"(max-width: 370px) 100vw, 370px\" \/><\/div><\/div>\n                <div class=\"content-wrap\">\n                    <div class=\"icon-wrap\"><div class=\"master-icon\"><svg xmlns=\"http:\/\/www.w3.org\/2000\/svg\" xml:space=\"preserve\" width=\"682.66669\" height=\"682.66669\" viewbox=\"0 0 682.66669 682.66669\">  <defs class=\"defs721\">    <clippath class=\"clipPath731\">      <path d=\"M 0,512 H 512 V 0 H 0 Z\" class=\"path729\"><\/path>    <\/clippath>  <\/defs>  <g class=\"g723\" transform=\"matrix(1.3333333,0,0,-1.3333333,0,682.66667)\">    <g class=\"g725\">      <g class=\"g727\" clip-path=\"url(#clipPath731)\">        <g class=\"g733\" transform=\"translate(256,398.4658)\">          <path d=\"m 0,0 -16.831,16.831 c -46.478,46.478 -121.833,46.478 -168.311,0 -46.478,-46.477 -46.478,-121.833 0,-168.31 L 0,-336.621 185.142,-151.479 c 46.478,46.477 46.478,121.833 0,168.31 -46.478,46.478 -121.833,46.478 -168.311,0 z\" style=\"fill:none;stroke:currentColor;stroke-width:30;stroke-linecap:round;stroke-linejoin:round;stroke-miterlimit:10;stroke-dasharray:none;stroke-opacity:1\" class=\"path735\"><\/path>        <\/g>        <g class=\"g737\" transform=\"translate(355,256)\">          <path d=\"M 0,0 H 142\" style=\"fill:none;stroke:currentColor;stroke-width:30;stroke-linecap:round;stroke-linejoin:round;stroke-miterlimit:10;stroke-dasharray:none;stroke-opacity:1\" class=\"path739\"><\/path>        <\/g>        <g class=\"g741\" transform=\"translate(15,256)\">          <path d=\"M 0,0 H 121\" style=\"fill:none;stroke:currentColor;stroke-width:30;stroke-linecap:round;stroke-linejoin:round;stroke-miterlimit:10;stroke-dasharray:none;stroke-opacity:1\" class=\"path743\"><\/path>        <\/g>        <g class=\"g745\" transform=\"translate(136,256)\">          <path d=\"M 0,0 42,100\" style=\"fill:none;stroke:currentColor;stroke-width:30;stroke-linecap:round;stroke-linejoin:round;stroke-miterlimit:10;stroke-dasharray:none;stroke-opacity:1\" class=\"path747\"><\/path>        <\/g>        <g class=\"g749\" transform=\"translate(254,206)\">          <path d=\"M 0,0 -76,150\" style=\"fill:none;stroke:currentColor;stroke-width:30;stroke-linecap:round;stroke-linejoin:round;stroke-miterlimit:10;stroke-dasharray:none;stroke-opacity:1\" class=\"path751\"><\/path>        <\/g>        <g class=\"g753\" transform=\"translate(254,206)\">          <path d=\"M 0,0 63,110\" style=\"fill:none;stroke:currentColor;stroke-width:30;stroke-linecap:round;stroke-linejoin:round;stroke-miterlimit:10;stroke-dasharray:none;stroke-opacity:1\" class=\"path755\"><\/path>        <\/g>        <g class=\"g757\" transform=\"translate(355,256)\">          <path d=\"M 0,0 -38,60\" style=\"fill:none;stroke:currentColor;stroke-width:30;stroke-linecap:round;stroke-linejoin:round;stroke-miterlimit:10;stroke-dasharray:none;stroke-opacity:1\" class=\"path759\"><\/path>        <\/g>      <\/g>    <\/g>  <\/g><\/svg><\/div><\/div><h2 class=\"headline-2\"><a href=\"#\">Health insurance<\/a><\/h2><div class=\"desc\"><p>Target Insurance&#039;s health insurance provides comprehensive healthcare services at affordable prices, securing the health needs of individuals and families, and providing them with peace of mind and financial security.<\/p><\/div>            <div class=\"url-wrap\">\n                <a class=\"master-link  icon-right\" href=\"#\">\n                                        <span>Detail<\/span>\n                    <span class=\"icon ci ci-right-arrow2\"><\/span>                <\/a>\n            <\/div>\n\n                            <\/div>\n                    <\/div>\n        \t\t<\/div>\n\t\t\t\t<\/div>\n\t\t\t\t\t<\/div>\n\t\t<\/div>\n\t\t\t\t\t<\/div>\n\t\t<\/section>\n\t\t\t\t\t<\/div>\n\t\t<\/div>\n\t\t\t\t\t<\/div>\n\t\t<\/section>\n\t\t\t\t<\/div>\n\t\t\n    <div class=\"xs_social_share_widget xs_share_url after_content \t\tmain_content  wslu-style-1 wslu-share-box-shaped wslu-fill-colored wslu-none wslu-share-horizontal wslu-theme-font-no wslu-main_content\">\n\n\t\t\n        <ul>\n\t\t\t        <\/ul>\n    <\/div>","protected":false},"excerpt":{"rendered":"<p>Konut Sigortas\u0131 Target Sigorta&#8217;n\u0131n konut sigortas\u0131, evinizi ve i\u00e7indeki de\u011ferli e\u015fyalar\u0131 yang\u0131n, h\u0131rs\u0131zl\u0131k ve do\u011fal afetler gibi beklenmedik durumlara kar\u015f\u0131 korur, size huzur ve mali g\u00fcvenlik sunar. Detaylar \u0130\u015f Yeri Sigortas\u0131 Target Sigorta&#8217;n\u0131n i\u015f yeri sigortas\u0131, i\u015fletmenizin m\u00fclk\u00fcn\u00fc, ekipmanlar\u0131n\u0131 kapsayarak, beklenmedik olaya kar\u015f\u0131 tam koruma ve finansal g\u00fcvenlik sa\u011flar. Detaylar<\/p>","protected":false},"author":1,"featured_media":0,"parent":0,"menu_order":0,"comment_status":"closed","ping_status":"closed","template":"","meta":{"inline_featured_image":false,"_monsterinsights_skip_tracking":false,"_monsterinsights_sitenote_active":false,"_monsterinsights_sitenote_note":"","_monsterinsights_sitenote_category":0,"footnotes":"","_joinchat":[]},"aioseo_notices":[],"_links":{"self":[{"href":"https:\/\/targetsigorta.com\/en\/wp-json\/wp\/v2\/pages\/3794"}],"collection":[{"href":"https:\/\/targetsigorta.com\/en\/wp-json\/wp\/v2\/pages"}],"about":[{"href":"https:\/\/targetsigorta.com\/en\/wp-json\/wp\/v2\/types\/page"}],"author":[{"embeddable":true,"href":"https:\/\/targetsigorta.com\/en\/wp-json\/wp\/v2\/users\/1"}],"replies":[{"embeddable":true,"href":"https:\/\/targetsigorta.com\/en\/wp-json\/wp\/v2\/comments?post=3794"}],"version-history":[{"count":20,"href":"https:\/\/targetsigorta.com\/en\/wp-json\/wp\/v2\/pages\/3794\/revisions"}],"predecessor-version":[{"id":4667,"href":"https:\/\/targetsigorta.com\/en\/wp-json\/wp\/v2\/pages\/3794\/revisions\/4667"}],"wp:attachment":[{"href":"https:\/\/targetsigorta.com\/en\/wp-json\/wp\/v2\/media?parent=3794"}],"curies":[{"name":"wp","href":"https:\/\/api.w.org\/{rel}","templated":true}]}}